{"id":1366,"date":"2026-04-09T21:03:35","date_gmt":"2026-04-09T20:03:35","guid":{"rendered":"https:\/\/jf-ameixial.pt\/?page_id=1366"},"modified":"2026-04-09T21:06:21","modified_gmt":"2026-04-09T20:06:21","slug":"1o-de-maio-ameixial","status":"publish","type":"page","link":"https:\/\/jf-ameixial.pt\/","title":{"rendered":"1\u00ba de maio | Ameixial"},"content":{"rendered":"\n<p><strong>Festa da Seiceira <\/strong><\/p>\n\n\n\n<p>Aproveite o feriado do Dia do Trabalhador, no <strong>1\u00ba de maio<\/strong>, para vir passear at\u00e9 ao cora\u00e7\u00e3o da serra do caldeir\u00e3o e participar numa das maiores festas populares da regi\u00e3o &#8211; a Festa da Seiceira &#8211; e deliciar-se com a saborosa sardinhada oferecida pela Junta de Freguesia de Ameixial, visitar os v\u00e1rios stands com produtos regionais, aproveitar um mergulho no Espelho de \u00c1gua do Ameixial e dar um p\u00e9zinho de dan\u00e7a na Festa da Seiceira, este ano com a atua\u00e7\u00e3o do artista <strong>Badoxa <\/strong>no palco principal.<\/p>\n\n\n\n<p>A anima\u00e7\u00e3o durante a tarde fica a cargo de <strong>Valter Reis<\/strong>, logo pelas 12h00, e a partir das 16h00, tributo \u00e0 m\u00fasica portuguesa com <strong>As Vozes<\/strong>.<\/p>\n\n\n\n<p><strong>As entradas s\u00e3o gratuitas!<\/strong><\/p>\n\n\n\n<figure class=\"wp-block-image size-large is-resized\"><img loading=\"lazy\" decoding=\"async\" width=\"724\" height=\"1024\" src=\"https:\/\/jf-ameixial.pt\/wp-content\/uploads\/2026\/04\/Cartaz-Festa-da-Seiceira-724x1024.png\" alt=\"\" class=\"wp-image-1367\" style=\"aspect-ratio:0.707046053054146;width:433px;height:auto\" srcset=\"https:\/\/jf-ameixial.pt\/wp-content\/uploads\/2026\/04\/Cartaz-Festa-da-Seiceira-724x1024.png 724w, https:\/\/jf-ameixial.pt\/wp-content\/uploads\/2026\/04\/Cartaz-Festa-da-Seiceira-212x300.png 212w, https:\/\/jf-ameixial.pt\/wp-content\/uploads\/2026\/04\/Cartaz-Festa-da-Seiceira-768x1086.png 768w, https:\/\/jf-ameixial.pt\/wp-content\/uploads\/2026\/04\/Cartaz-Festa-da-Seiceira-1086x1536.png 1086w, https:\/\/jf-ameixial.pt\/wp-content\/uploads\/2026\/04\/Cartaz-Festa-da-Seiceira-1448x2048.png 1448w, https:\/\/jf-ameixial.pt\/wp-content\/uploads\/2026\/04\/Cartaz-Festa-da-Seiceira-800x1132.png 800w, https:\/\/jf-ameixial.pt\/wp-content\/uploads\/2026\/04\/Cartaz-Festa-da-Seiceira-scaled.png 1810w\" sizes=\"auto, (max-width: 724px) 100vw, 724px\" \/><\/figure>\n","protected":false},"excerpt":{"rendered":"<p>Festa da Seiceira Aproveite o feriado do Dia do Trabalhador, no 1\u00ba de maio, para vir passear at\u00e9 ao cora\u00e7\u00e3o da serra do caldeir\u00e3o e participar numa das maiores festas populares da regi\u00e3o &#8211; a Festa da Seiceira &#8211; e deliciar-se com a saborosa sardinhada oferecida pela Junta de Freguesia de Ameixial, visitar os v\u00e1rios stands com produtos regionais, aproveitar<\/p>\n<p><a class=\"more-link\" href=\"https:\/\/jf-ameixial.pt\/\">Read More<\/a><\/p>\n","protected":false},"author":3,"featured_media":0,"parent":0,"menu_order":0,"comment_status":"closed","ping_status":"closed","template":"","meta":{"ngg_post_thumbnail":0,"footnotes":""},"class_list":["post-1366","page","type-page","status-publish"],"_links":{"self":[{"href":"https:\/\/jf-ameixial.pt\/index.php?rest_route=\/wp\/v2\/pages\/1366","targetHints":{"allow":["GET"]}}],"collection":[{"href":"https:\/\/jf-ameixial.pt\/index.php?rest_route=\/wp\/v2\/pages"}],"about":[{"href":"https:\/\/jf-ameixial.pt\/index.php?rest_route=\/wp\/v2\/types\/page"}],"author":[{"embeddable":true,"href":"https:\/\/jf-ameixial.pt\/index.php?rest_route=\/wp\/v2\/users\/3"}],"replies":[{"embeddable":true,"href":"https:\/\/jf-ameixial.pt\/index.php?rest_route=%2Fwp%2Fv2%2Fcomments&post=1366"}],"version-history":[{"count":4,"href":"https:\/\/jf-ameixial.pt\/index.php?rest_route=\/wp\/v2\/pages\/1366\/revisions"}],"predecessor-version":[{"id":1371,"href":"https:\/\/jf-ameixial.pt\/index.php?rest_route=\/wp\/v2\/pages\/1366\/revisions\/1371"}],"wp:attachment":[{"href":"https:\/\/jf-ameixial.pt\/index.php?rest_route=%2Fwp%2Fv2%2Fmedia&parent=1366"}],"curies":[{"name":"wp","href":"https:\/\/api.w.org\/{rel}","templated":true}]}}