{"id":185,"date":"2018-11-04T22:14:53","date_gmt":"2018-11-04T22:14:53","guid":{"rendered":"https:\/\/jf-ameixial.pt\/tmp\/?page_id=185"},"modified":"2025-11-29T17:28:12","modified_gmt":"2025-11-29T16:28:12","slug":"assembleia-de-freguesia","status":"publish","type":"page","link":"https:\/\/jf-ameixial.pt\/?page_id=185","title":{"rendered":"Assembleia de Freguesia"},"content":{"rendered":"\n<div class=\"wp-block-columns is-layout-flex wp-container-core-columns-is-layout-9d6595d7 wp-block-columns-is-layout-flex\">\n<div class=\"wp-block-column is-layout-flow wp-block-column-is-layout-flow\" style=\"flex-basis:100%\">\n<div class=\"wp-block-columns is-layout-flex wp-container-core-columns-is-layout-9d6595d7 wp-block-columns-is-layout-flex\">\n<div class=\"wp-block-column is-layout-flow wp-block-column-is-layout-flow\" style=\"flex-basis:33.33%\">\n<div class=\"wp-block-image is-style-rounded\"><figure class=\"alignright is-resized\"><img loading=\"lazy\" decoding=\"async\" src=\"https:\/\/jf-ameixial.pt\/wp-content\/uploads\/2025\/11\/Jose-Narciso.png\" alt=\"Jose Avelino Narciso\" class=\"wp-image-1055\" width=\"120\" height=\"120\"\/><\/figure><\/div>\n<\/div>\n\n\n\n<div class=\"wp-block-column is-layout-flow wp-block-column-is-layout-flow\" style=\"flex-basis:66.66%\">\n<p><\/p>\n\n\n\n<p><strong>Presidente da Assembleia:<\/strong><br><strong>Jos\u00e9 <\/strong>Avelino Guerreiro <strong>Narciso<\/strong><\/p>\n<\/div>\n<\/div>\n\n\n\n<div class=\"wp-block-columns is-layout-flex wp-container-core-columns-is-layout-9d6595d7 wp-block-columns-is-layout-flex\">\n<div class=\"wp-block-column is-layout-flow wp-block-column-is-layout-flow\" style=\"flex-basis:33.33%\">\n<div class=\"wp-block-image is-style-rounded\"><figure class=\"alignright is-resized\"><img loading=\"lazy\" decoding=\"async\" src=\"https:\/\/jf-ameixial.pt\/wp-content\/uploads\/2025\/11\/Isa-Lourenco.png\" alt=\"Isa Louren\u00e7o\" class=\"wp-image-1055\" width=\"120\" height=\"120\"\/><\/figure><\/div>\n<\/div>\n\n\n\n<div class=\"wp-block-column is-layout-flow wp-block-column-is-layout-flow\" style=\"flex-basis:66.66%\">\n<p><\/p>\n\n\n\n<p><strong>1\u00ba Secret\u00e1rio:&nbsp;<\/strong><br><strong>Isa Louren\u00e7o<\/strong><\/p>\n<\/div>\n<\/div>\n\n\n\n<div class=\"wp-block-columns is-layout-flex wp-container-core-columns-is-layout-9d6595d7 wp-block-columns-is-layout-flex\">\n<div class=\"wp-block-column is-layout-flow wp-block-column-is-layout-flow\" style=\"flex-basis:33.33%\">\n<div class=\"wp-block-image is-style-rounded\"><figure class=\"alignright is-resized\"><img loading=\"lazy\" decoding=\"async\" src=\"https:\/\/jf-ameixial.pt\/wp-content\/uploads\/2025\/11\/Paulo-Nogueira.png\" alt=\"Paulo Nogueira\" class=\"wp-image-1055\" width=\"120\" height=\"120\"\/><\/figure><\/div>\n<\/div>\n\n\n\n<div class=\"wp-block-column is-layout-flow wp-block-column-is-layout-flow\" style=\"flex-basis:66.66%\">\n<p><\/p>\n\n\n\n<p><strong>2\u00ba Secret\u00e1rio:&nbsp;<\/strong><br><strong>Paulo Nogueira<\/strong><\/p>\n<\/div>\n<\/div>\n\n\n\n<div class=\"wp-block-columns is-layout-flex wp-container-core-columns-is-layout-9d6595d7 wp-block-columns-is-layout-flex\">\n<div class=\"wp-block-column is-layout-flow wp-block-column-is-layout-flow\" style=\"flex-basis:33.33%\">\n<div class=\"wp-block-image is-style-rounded\"><figure class=\"alignright is-resized\"><img loading=\"lazy\" decoding=\"async\" src=\"https:\/\/jf-ameixial.pt\/wp-content\/uploads\/2025\/11\/Joao-Fernandes.png\" alt=\"Jo\u00e3o Fernandes\" class=\"wp-image-1055\" width=\"120\" height=\"120\"\/><\/figure><\/div>\n<\/div>\n\n\n\n<div class=\"wp-block-column is-layout-flow wp-block-column-is-layout-flow\" style=\"flex-basis:66.66%\">\n<p><\/p>\n\n\n\n<p><strong>Deputado:&nbsp;<\/strong><br><strong><strong>Jo\u00e3o<\/strong><\/strong> Miguel Martins <strong><strong>Fernandes<\/strong><\/strong><\/p>\n<\/div>\n<\/div>\n\n\n\n<div class=\"wp-block-columns is-layout-flex wp-container-core-columns-is-layout-9d6595d7 wp-block-columns-is-layout-flex\">\n<div class=\"wp-block-column is-layout-flow wp-block-column-is-layout-flow\" style=\"flex-basis:33.33%\">\n<div class=\"wp-block-image is-style-rounded\"><figure class=\"alignright is-resized\"><img loading=\"lazy\" decoding=\"async\" src=\"https:\/\/jf-ameixial.pt\/wp-content\/uploads\/2025\/11\/Sara-Guerreiro.png\" alt=\"Sara Guerreiro\" class=\"wp-image-1055\" width=\"120\" height=\"120\"\/><\/figure><\/div>\n<\/div>\n\n\n\n<div class=\"wp-block-column is-layout-flow wp-block-column-is-layout-flow\" style=\"flex-basis:66.66%\">\n<p><\/p>\n\n\n\n<p><strong>Deputado:&nbsp;<\/strong><br><strong>Sara<\/strong> <strong>Guerreiro<\/strong><\/p>\n<\/div>\n<\/div>\n\n\n\n<div class=\"wp-block-columns is-layout-flex wp-container-core-columns-is-layout-9d6595d7 wp-block-columns-is-layout-flex\">\n<div class=\"wp-block-column is-layout-flow wp-block-column-is-layout-flow\" style=\"flex-basis:33.33%\">\n<div class=\"wp-block-image is-style-rounded\"><figure class=\"alignright is-resized\"><img loading=\"lazy\" decoding=\"async\" src=\"https:\/\/jf-ameixial.pt\/wp-content\/uploads\/2025\/11\/Leonel-Palma.png\" alt=\"Leonel Palma\" class=\"wp-image-1055\" width=\"120\" height=\"120\"\/><\/figure><\/div>\n<\/div>\n\n\n\n<div class=\"wp-block-column is-layout-flow wp-block-column-is-layout-flow\" style=\"flex-basis:66.66%\">\n<p><\/p>\n\n\n\n<p><strong>Deputado:&nbsp;<\/strong><br><strong>Leonel<\/strong> <strong>Palma<\/strong><\/p>\n<\/div>\n<\/div>\n\n\n\n<div class=\"wp-block-columns is-layout-flex wp-container-core-columns-is-layout-9d6595d7 wp-block-columns-is-layout-flex\">\n<div class=\"wp-block-column is-layout-flow wp-block-column-is-layout-flow\" style=\"flex-basis:33.33%\">\n<div class=\"wp-block-image is-style-rounded\"><figure class=\"alignright is-resized\"><img loading=\"lazy\" decoding=\"async\" src=\"https:\/\/jf-ameixial.pt\/wp-content\/uploads\/2025\/11\/Lucia-Palma.jpg\" alt=\"Lucia Palma\" class=\"wp-image-1055\" width=\"120\" height=\"120\"\/><\/figure><\/div>\n<\/div>\n\n\n\n<div class=\"wp-block-column is-layout-flow wp-block-column-is-layout-flow\" style=\"flex-basis:66.66%\">\n<p><\/p>\n\n\n\n<p><strong>Deputado:&nbsp;<\/strong><br><strong><strong>L\u00facia<\/strong><\/strong> Isabel Guerreiro <strong><strong>Palma<\/strong><\/strong><\/p>\n<\/div>\n<\/div>\n<\/div>\n<\/div>\n","protected":false},"excerpt":{"rendered":"<p>Presidente da Assembleia:Jos\u00e9 Avelino Guerreiro Narciso 1\u00ba Secret\u00e1rio:&nbsp;Isa Louren\u00e7o 2\u00ba Secret\u00e1rio:&nbsp;Paulo Nogueira Deputado:&nbsp;Jo\u00e3o Miguel Martins Fernandes Deputado:&nbsp;Sara Guerreiro Deputado:&nbsp;Leonel Palma Deputado:&nbsp;L\u00facia Isabel Guerreiro Palma<\/p>\n","protected":false},"author":1,"featured_media":0,"parent":0,"menu_order":0,"comment_status":"closed","ping_status":"closed","template":"","meta":{"ngg_post_thumbnail":0,"footnotes":""},"class_list":["post-185","page","type-page","status-publish"],"_links":{"self":[{"href":"https:\/\/jf-ameixial.pt\/index.php?rest_route=\/wp\/v2\/pages\/185","targetHints":{"allow":["GET"]}}],"collection":[{"href":"https:\/\/jf-ameixial.pt\/index.php?rest_route=\/wp\/v2\/pages"}],"about":[{"href":"https:\/\/jf-ameixial.pt\/index.php?rest_route=\/wp\/v2\/types\/page"}],"author":[{"embeddable":true,"href":"https:\/\/jf-ameixial.pt\/index.php?rest_route=\/wp\/v2\/users\/1"}],"replies":[{"embeddable":true,"href":"https:\/\/jf-ameixial.pt\/index.php?rest_route=%2Fwp%2Fv2%2Fcomments&post=185"}],"version-history":[{"count":19,"href":"https:\/\/jf-ameixial.pt\/index.php?rest_route=\/wp\/v2\/pages\/185\/revisions"}],"predecessor-version":[{"id":1301,"href":"https:\/\/jf-ameixial.pt\/index.php?rest_route=\/wp\/v2\/pages\/185\/revisions\/1301"}],"wp:attachment":[{"href":"https:\/\/jf-ameixial.pt\/index.php?rest_route=%2Fwp%2Fv2%2Fmedia&parent=185"}],"curies":[{"name":"wp","href":"https:\/\/api.w.org\/{rel}","templated":true}]}}