{"id":196,"date":"2018-11-04T22:23:06","date_gmt":"2018-11-04T22:23:06","guid":{"rendered":"https:\/\/jf-ameixial.pt\/tmp\/?page_id=196"},"modified":"2026-03-07T02:12:47","modified_gmt":"2026-03-07T01:12:47","slug":"mensagem-do-presidente","status":"publish","type":"page","link":"https:\/\/jf-ameixial.pt\/?page_id=196","title":{"rendered":"Mensagem do Presidente"},"content":{"rendered":"<div class=\"wp-block-image is-style-rounded\">\n<figure class=\"alignleft is-resized\"><img decoding=\"async\" src=\"https:\/\/jf-ameixial.pt\/wp-content\/uploads\/2025\/11\/AbilioSousa.jpg\" alt=\"Ab\u00edlio Sousa\" class=\"wp-image-1054\" style=\"width:267px;height:300px\"\/><\/figure>\n<\/div>\n\n\n<p><strong>Caro Visitante,<\/strong><br>Seja bem-vindo \u00e0 p\u00e1gina da Freguesia do Ameixial na internet.<br>Esta p\u00e1gina \u00e9 uma janela virtual para o Ameixial, uma freguesia do concelho de Loul\u00e9 com in\u00fameras riquezas culturais, patrimoniais e naturais, que merecem ser conhecidas e visitadas.<br>As novas tecnologias, s\u00e3o hoje em dia um excelente meio de comunica\u00e7\u00e3o, promovendo a fluidez e uma maior rapidez na circula\u00e7\u00e3o da informa\u00e7\u00e3o.<br>O nosso objetivo \u00e9 estar cada vez mais perto da popula\u00e7\u00e3o local e do visitante, atrav\u00e9s desta p\u00e1gina poder\u00e1 ter acesso a in\u00fameras informa\u00e7\u00f5es \u00fateis, conhecer as \u00faltimas noticias sobre a freguesia, estar a par da agenda de eventos e acompanhar de perto o desempenho e atividades dos diversos servi\u00e7os.<br>Queremos melhorar a qualidade do servi\u00e7o p\u00fablico, por isso contamos consigo e com a sua opini\u00e3o.<br><strong>Visite-nos.<\/strong><br>O Presidente da Junta de Freguesia do Ameixial<br>Ab\u00edlio Vargas Sousa<\/p>\n","protected":false},"excerpt":{"rendered":"<p>Caro Visitante,Seja bem-vindo \u00e0 p\u00e1gina da Freguesia do Ameixial na internet.Esta p\u00e1gina \u00e9 uma janela virtual para o Ameixial, uma freguesia do concelho de Loul\u00e9 com in\u00fameras riquezas culturais, patrimoniais e naturais, que merecem ser conhecidas e visitadas.As novas tecnologias, s\u00e3o hoje em dia um excelente meio de comunica\u00e7\u00e3o, promovendo a fluidez e uma maior rapidez na circula\u00e7\u00e3o da informa\u00e7\u00e3o.O<\/p>\n<p><a class=\"more-link\" href=\"https:\/\/jf-ameixial.pt\/?page_id=196\">Read More<\/a><\/p>\n","protected":false},"author":1,"featured_media":0,"parent":0,"menu_order":0,"comment_status":"closed","ping_status":"closed","template":"","meta":{"ngg_post_thumbnail":0,"footnotes":""},"class_list":["post-196","page","type-page","status-publish"],"_links":{"self":[{"href":"https:\/\/jf-ameixial.pt\/index.php?rest_route=\/wp\/v2\/pages\/196","targetHints":{"allow":["GET"]}}],"collection":[{"href":"https:\/\/jf-ameixial.pt\/index.php?rest_route=\/wp\/v2\/pages"}],"about":[{"href":"https:\/\/jf-ameixial.pt\/index.php?rest_route=\/wp\/v2\/types\/page"}],"author":[{"embeddable":true,"href":"https:\/\/jf-ameixial.pt\/index.php?rest_route=\/wp\/v2\/users\/1"}],"replies":[{"embeddable":true,"href":"https:\/\/jf-ameixial.pt\/index.php?rest_route=%2Fwp%2Fv2%2Fcomments&post=196"}],"version-history":[{"count":11,"href":"https:\/\/jf-ameixial.pt\/index.php?rest_route=\/wp\/v2\/pages\/196\/revisions"}],"predecessor-version":[{"id":1339,"href":"https:\/\/jf-ameixial.pt\/index.php?rest_route=\/wp\/v2\/pages\/196\/revisions\/1339"}],"wp:attachment":[{"href":"https:\/\/jf-ameixial.pt\/index.php?rest_route=%2Fwp%2Fv2%2Fmedia&parent=196"}],"curies":[{"name":"wp","href":"https:\/\/api.w.org\/{rel}","templated":true}]}}