{"id":270,"date":"2018-11-04T23:32:09","date_gmt":"2018-11-04T23:32:09","guid":{"rendered":"https:\/\/jf-ameixial.pt\/tmp\/?page_id=270"},"modified":"2024-01-25T02:51:08","modified_gmt":"2024-01-25T01:51:08","slug":"licencas","status":"publish","type":"page","link":"https:\/\/jf-ameixial.pt\/?page_id=270","title":{"rendered":"Licen\u00e7as"},"content":{"rendered":"<h1 class=\"tit\"><strong>Registo e Licenciamento de Can\u00eddeos e Gat\u00eddeos.<\/strong><\/h1>\n<p>&nbsp;<\/p>\n<div class=\"detail\">\n<p><strong><a href=\"https:\/\/www.pgdlisboa.pt\/leis\/lei_mostra_articulado.php?nid=3093&amp;tabela=leis&amp;so_miolo=\">Decreto-Lei n.\u00ba 82\/2019<\/a>, de 27 de junho | Estabelece as regras de identifica\u00e7\u00e3o dos animais de companhia, criando o Sistema de Informa\u00e7\u00e3o de Animais de Companhia.<\/strong><\/p>\n<\/div>\n<div class=\"detail\">\n<p><strong><a href=\"https:\/\/www.pgdlisboa.pt\/leis\/lei_mostra_articulado.php?nid=339&amp;tabela=leis&amp;so_miolo=\">Decreto-Lei n\u00ba 314\/2003<\/a>, de 17 de Dezembro | &#8230;estabelece as regras relativas \u00e0 posse e deten\u00e7\u00e3o&#8230;<\/strong><\/p>\n<\/div>\n<p>&nbsp;<\/p>\n<p>A mera deten\u00e7\u00e3o posse e circula\u00e7\u00e3o de um can\u00eddeo, carece de registo e licen\u00e7a sujeita a renova\u00e7\u00e3o anual, que \u00e9 <strong>emitida pela Junta de Freguesia da \u00e1rea da resid\u00eancia do detentor.<\/strong><\/p>\n<p><strong>O n\u00e3o cumprimento da obriga\u00e7\u00e3o do licenciamento incorre numa contra-ordena\u00e7\u00e3o.<\/strong><\/p>\n<p><strong>CATEGORIAS:<\/strong><\/p>\n<ul>\n<li>A (c\u00e3o de companhia)<\/li>\n<li>B (c\u00e3o com fins econ\u00f3micos)<\/li>\n<li>C (c\u00e3o para fins militares, policiais e de Seguran\u00e7a P\u00fablica)<\/li>\n<li>D (c\u00e3o para investiga\u00e7\u00e3o cient\u00edfica)<\/li>\n<li>E (c\u00e3o de ca\u00e7a)<\/li>\n<li>F (c\u00e3o guia)<\/li>\n<li>G (c\u00e3o potencialmente perigoso)<\/li>\n<li>H (c\u00e3o perigoso)<\/li>\n<li>I (gato)<\/li>\n<\/ul>\n<p>A Licen\u00e7a e a sua renova\u00e7\u00e3o anual s\u00f3 s\u00e3o emitidas mediante a apresenta\u00e7\u00e3o dos seguintes documentos:<\/p>\n<p><strong>Categoria A, C, D ou F<\/strong> (Companhia, Fins Militares, Policiais e de Seguran\u00e7a P\u00fablica, Investiga\u00e7\u00e3o Cient\u00edfica&nbsp; ou Guia):<\/p>\n<ul>\n<li>Boletim Sanit\u00e1rio do C\u00e3o ou Passaporte, com comprovativo do ato de profilaxia m\u00e9dica declarado obrigat\u00f3rio para o per\u00edodo da licen\u00e7a, comprovado pela respetiva vinheta oficial ou um atestado de isen\u00e7\u00e3o do ato de profilaxia m\u00e9dica emitido pelo m\u00e9dico veterin\u00e1rio.<\/li>\n<li>Documento de Identifica\u00e7\u00e3o do Propriet\u00e1rio<\/li>\n<\/ul>\n<p><strong>Categoria E<\/strong> (Ca\u00e7a):<\/p>\n<ul>\n<li>Boletim Sanit\u00e1rio do C\u00e3o ou Passaporte, com comprovativo do ato de profilaxia m\u00e9dica declarado obrigat\u00f3rio para o per\u00edodo da licen\u00e7a, comprovado pela respetiva vinheta oficial ou um atestado de isen\u00e7\u00e3o do ato de profilaxia m\u00e9dica emitido pelo m\u00e9dico veterin\u00e1rio.<\/li>\n<li>Documento de Identifica\u00e7\u00e3o do Propriet\u00e1rio<\/li>\n<li>Exibi\u00e7\u00e3o da Carta de Ca\u00e7ador atualizada.<\/li>\n<\/ul>\n<p><strong>Categoria B<\/strong> (Fins Econ\u00f3micos):<\/p>\n<ul>\n<li>Boletim Sanit\u00e1rio do C\u00e3o ou Passaporte, com comprovativo do ato de profilaxia m\u00e9dica declarado obrigat\u00f3rio o per\u00edodo da licen\u00e7a, comprovado pela respetiva vinheta oficial ou um atestado de isen\u00e7\u00e3o do ato de profilaxia m\u00e9dica emitido pelo m\u00e9dico veterin\u00e1rio.<\/li>\n<li>Documento de Identifica\u00e7\u00e3o do Propriet\u00e1rio<\/li>\n<li>Declara\u00e7\u00e3o dos bens a guardar (Declara\u00e7\u00e3o emitida no programa da Junta de Freguesia e assinada pelo propriet\u00e1rio)<\/li>\n<\/ul>\n<p><strong>Categoria H e G<\/strong> (Potencialmente Perigosos ou Perigosos)<\/p>\n<ul>\n<li>Boletim Sanit\u00e1rio do C\u00e3o ou Passaporte, com comprovativo do ato de profilaxia m\u00e9dica declarado obrigat\u00f3rio o per\u00edodo da licen\u00e7a, comprovado pela respetiva vinheta oficial ou um atestado de isen\u00e7\u00e3o do ato de profilaxia m\u00e9dica emitido pelo m\u00e9dico veterin\u00e1rio.<\/li>\n<li>Documento de Identifica\u00e7\u00e3o do Propriet\u00e1rio<\/li>\n<li>Registo Criminal<\/li>\n<li>Comprovativo de esteriliza\u00e7\u00e3o &#8211; Isto implica que os machos t\u00eam que ser castrados e as f\u00eameas tornadas est\u00e9reis, atrav\u00e9s de ovaristerectomia (opera\u00e7\u00e3o cir\u00fargica em que \u00e9 extra\u00eddo o \u00fatero e ov\u00e1rios). Apenas os c\u00e3es inscritos em livros de origens oficialmente reconhecidos (situa\u00e7\u00e3o certificada pelo Clube Portugu\u00eas de Canicultura) podem ser utilizados na reprodu\u00e7\u00e3o e esta s\u00f3 pode fazer-se em condi\u00e7\u00f5es em que haja o devido licenciamento. Todos os outros devem ser castrados\/esterilizados.<\/li>\n<li>Inscri\u00e7\u00e3o na &#8220;Forma\u00e7\u00e3o para Detentores de C\u00e3es Perigosos ou potencialmente perigosos&#8221; (Documento emitido pela PSP ou GNR)<\/li>\n<li>Seguro de responsabilidade civil v\u00e1lido para o per\u00edodo da licen\u00e7a<\/li>\n<li>Termo de responsabilidade<\/li>\n<li>Vacina anti &#8211; r\u00e1bica v\u00e1lida para o per\u00edodo da licen\u00e7a<\/li>\n<\/ul>\n","protected":false},"excerpt":{"rendered":"<p>Registo e Licenciamento de Can\u00eddeos e Gat\u00eddeos. &nbsp; Decreto-Lei n.\u00ba 82\/2019, de 27 de junho | Estabelece as regras de identifica\u00e7\u00e3o dos animais de companhia, criando o Sistema de Informa\u00e7\u00e3o de Animais de Companhia. Decreto-Lei n\u00ba 314\/2003, de 17 de Dezembro | &#8230;estabelece as regras relativas \u00e0 posse e deten\u00e7\u00e3o&#8230; &nbsp; A mera deten\u00e7\u00e3o posse e circula\u00e7\u00e3o de um can\u00eddeo,<\/p>\n<p><a class=\"more-link\" href=\"https:\/\/jf-ameixial.pt\/?page_id=270\">Read More<\/a><\/p>\n","protected":false},"author":1,"featured_media":0,"parent":0,"menu_order":0,"comment_status":"closed","ping_status":"closed","template":"","meta":{"ngg_post_thumbnail":0,"footnotes":""},"class_list":["post-270","page","type-page","status-publish"],"_links":{"self":[{"href":"https:\/\/jf-ameixial.pt\/index.php?rest_route=\/wp\/v2\/pages\/270","targetHints":{"allow":["GET"]}}],"collection":[{"href":"https:\/\/jf-ameixial.pt\/index.php?rest_route=\/wp\/v2\/pages"}],"about":[{"href":"https:\/\/jf-ameixial.pt\/index.php?rest_route=\/wp\/v2\/types\/page"}],"author":[{"embeddable":true,"href":"https:\/\/jf-ameixial.pt\/index.php?rest_route=\/wp\/v2\/users\/1"}],"replies":[{"embeddable":true,"href":"https:\/\/jf-ameixial.pt\/index.php?rest_route=%2Fwp%2Fv2%2Fcomments&post=270"}],"version-history":[{"count":2,"href":"https:\/\/jf-ameixial.pt\/index.php?rest_route=\/wp\/v2\/pages\/270\/revisions"}],"predecessor-version":[{"id":1228,"href":"https:\/\/jf-ameixial.pt\/index.php?rest_route=\/wp\/v2\/pages\/270\/revisions\/1228"}],"wp:attachment":[{"href":"https:\/\/jf-ameixial.pt\/index.php?rest_route=%2Fwp%2Fv2%2Fmedia&parent=270"}],"curies":[{"name":"wp","href":"https:\/\/api.w.org\/{rel}","templated":true}]}}