{"id":542,"date":"2018-11-29T09:32:43","date_gmt":"2018-11-29T09:32:43","guid":{"rendered":"https:\/\/jf-ameixial.pt\/tmp\/?page_id=542"},"modified":"2023-04-28T01:15:57","modified_gmt":"2023-04-28T00:15:57","slug":"pessoal-2","status":"publish","type":"page","link":"https:\/\/jf-ameixial.pt\/?page_id=542","title":{"rendered":"Pessoal"},"content":{"rendered":"<p><span style=\"font-size: 12pt;\"><strong>Procedimentos de contrata\u00e7\u00e3o<br \/>\n<\/strong><\/span><\/p>\n<div class=\"su-spoiler su-spoiler-style-default su-spoiler-icon-plus\" data-scroll-offset=\"0\" data-anchor-in-url=\"no\"><div class=\"su-spoiler-title\" tabindex=\"0\" role=\"button\"><span class=\"su-spoiler-icon\"><\/span>2022<\/div><div class=\"su-spoiler-content su-u-clearfix su-u-trim\">\n<div class=\"prettyFileList\"  data-filesperpage=\"10\"><div class=\"prettyFileBar\"><a href=\"#\" class=\"showSortingBtn float_right corePrettyStyle btn\">Sort<\/a><div class=\"prettyFileFilters\"><ul class=\"unstyled\"><li><a href=\"\" data-filter-type=\"img\" class=\"imgFilter img showing\">Image<\/a><\/li><li><a href=\"\" data-filter-type=\"pdf\" class=\"pdfFilter pdf showing\">PDF<\/a><\/li><li><a href=\"\" data-filter-type=\"xls\" class=\"xlsFilter xls showing\">Excel<\/a><\/li><li><a href=\"\" data-filter-type=\"doc\" class=\"docFilter doc showing\">Word<\/a><\/li><li><a href=\"\" data-filter-type=\"ppt\" class=\"pptFilter ppt showing\">Powerpoint<\/a><\/li><li><a href=\"\" data-filter-type=\"zip\" class=\"zipFilter zip showing\">Zip<\/a><\/li><li><a href=\"\" data-filter-type=\"mp3\" class=\"mp3Filter mp3 showing\">MP3<\/a><\/li><li><a href=\"\" data-filter-type=\"mp4\" class=\"mp4Filter mp4 showing\">MP4<\/a><\/li><\/ul><p class=\"bar\"><a href=\"#\" class=\"cross\">Close<\/a><\/p><\/div><div class=\"prettyFileSorting\" style=\"right:0\"><ul class=\"unstyled\"><li><a href=\"\" data-sort-type=\"bydate\" data-sort-direction=\"asc\" class=\"asc\">By Date<\/a><\/li><li><a href=\"\" data-sort-type=\"bytitle\">By Name<\/a><\/li><li><a href=\"\" data-sort-type=\"bytype\" class=\"\">By Type<\/a><\/li><\/ul><p class=\"bar\"><a href=\"#\" class=\"cross\">Close<\/a><\/p><\/div><div class=\"prettyFileListSearch\"><label style=\"display:none;\">Search<\/label><input type=\"text\" value=\"Search...\" class=\"prettySearchValue\" \/><a class=\"doPrettySearch btn corePrettyStyle\">Go<\/a><a class=\"clearSearch btn corePrettyStyle hidden\">Clear<\/a><\/div><\/div><div class=\"prettyMessage\" style=\"display:none\"><span><\/span><a href=\"#\" class=\"btn\">Show all files<\/a><\/div><div class=\"prettyListItems loading\"><a href=\"https:\/\/jf-ameixial.pt\/wp-content\/uploads\/2023\/05\/aviso_8947.pdf\" class=\"pdf prettylink corePrettyStyle\"  data-tags=\"concursos-pessoal-2022\" data-date=\"1683547507\"> <span class=\"float_right\" >&nbsp;|&nbsp;Size: 267 KB<\/span> <span class=\"float_right\">May 2023<\/span> <span class=\"fileTitle\">Aviso 8947\/2023<\/span> <\/a><a href=\"https:\/\/jf-ameixial.pt\/wp-content\/uploads\/2023\/04\/ata6_assistenteoperacional.pdf\" class=\"pdf prettylink corePrettyStyle\"  data-tags=\"concursos-pessoal-2022\" data-date=\"1683547821\"> <span class=\"float_right\" >&nbsp;|&nbsp;Size: 1 MB<\/span> <span class=\"float_right\">May 2023<\/span> <span class=\"fileTitle\">Lista Final dos resultados obtidos - Assistente Operacional<\/span> <\/a><a href=\"https:\/\/jf-ameixial.pt\/wp-content\/uploads\/2023\/04\/ata6_assistentetecnico.pdf\" class=\"pdf prettylink corePrettyStyle\"  data-tags=\"concursos-pessoal-2022\" data-date=\"1683547815\"> <span class=\"float_right\" >&nbsp;|&nbsp;Size: 1 MB<\/span> <span class=\"float_right\">May 2023<\/span> <span class=\"fileTitle\">Lista Final dos resultados obtidos - Assistente T\u00e9cnico<\/span> <\/a><a href=\"https:\/\/jf-ameixial.pt\/wp-content\/uploads\/2023\/04\/ata5_assistenteoperacional.pdf\" class=\"pdf prettylink corePrettyStyle\"  data-tags=\"concursos-pessoal-2022\" data-date=\"1683547806\"> <span class=\"float_right\" >&nbsp;|&nbsp;Size: 2 MB<\/span> <span class=\"float_right\">May 2023<\/span> <span class=\"fileTitle\">Lista dos resultados obtidos na Entrevista Profissional de Sele\u00e7\u00e3o e Ordena\u00e7\u00e3o Final - Assistente Operacional<\/span> <\/a><a href=\"https:\/\/jf-ameixial.pt\/wp-content\/uploads\/2023\/04\/ata5_assistentetecnico.pdf\" class=\"pdf prettylink corePrettyStyle\"  data-tags=\"concursos-pessoal-2022\" data-date=\"1683547782\"> <span class=\"float_right\" >&nbsp;|&nbsp;Size: 2 MB<\/span> <span class=\"float_right\">May 2023<\/span> <span class=\"fileTitle\">Lista dos resultados obtidos na Entrevista Profissional de Sele\u00e7\u00e3o e Ordena\u00e7\u00e3o Final - Assistente T\u00e9cnico<\/span> <\/a><a href=\"https:\/\/jf-ameixial.pt\/wp-content\/uploads\/2023\/04\/ata4_assistenteoperacional.pdf\" class=\"pdf prettylink corePrettyStyle\"  data-tags=\"concursos-pessoal-2022\" data-date=\"1683547761\"> <span class=\"float_right\" >&nbsp;|&nbsp;Size: 1 MB<\/span> <span class=\"float_right\">May 2023<\/span> <span class=\"fileTitle\">Lista dos resultados obtidos na Prova Avalia\u00e7\u00e3o Psicol\u00f3gica - Assistente Operacional<\/span> <\/a><a href=\"https:\/\/jf-ameixial.pt\/wp-content\/uploads\/2023\/04\/ata4_assistentetecnico.pdf\" class=\"pdf prettylink corePrettyStyle\"  data-tags=\"concursos-pessoal-2022\" data-date=\"1683547741\"> <span class=\"float_right\" >&nbsp;|&nbsp;Size: 1 MB<\/span> <span class=\"float_right\">May 2023<\/span> <span class=\"fileTitle\">Lista dos resultados obtidos na Prova Avalia\u00e7\u00e3o Psicol\u00f3gica - Assistente T\u00e9cnico<\/span> <\/a><a href=\"https:\/\/jf-ameixial.pt\/wp-content\/uploads\/2023\/04\/ata3_assistenteoperacional.pdf\" class=\"pdf prettylink corePrettyStyle\"  data-tags=\"concursos-pessoal-2022\" data-date=\"1683547726\"> <span class=\"float_right\" >&nbsp;|&nbsp;Size: 877 KB<\/span> <span class=\"float_right\">May 2023<\/span> <span class=\"fileTitle\">Lista dos resultados obtidos na Prova Escrita de Conhecimentos - Assistente Operacional<\/span> <\/a><a href=\"https:\/\/jf-ameixial.pt\/wp-content\/uploads\/2023\/04\/ata3_assistentetecnico.pdf\" class=\"pdf prettylink corePrettyStyle\"  data-tags=\"concursos-pessoal-2022\" data-date=\"1683547884\"> <span class=\"float_right\" >&nbsp;|&nbsp;Size: 714 KB<\/span> <span class=\"float_right\">May 2023<\/span> <span class=\"fileTitle\">Lista dos resultados obtidos na Prova Escrita de Conhecimentos - Assistente T\u00e9cnico<\/span> <\/a><a href=\"https:\/\/jf-ameixial.pt\/wp-content\/uploads\/2023\/04\/2022_Lista_admitidos.pdf\" class=\"pdf prettylink corePrettyStyle\"  data-tags=\"concursos-pessoal-2022\" data-date=\"1683547889\"> <span class=\"float_right\" >&nbsp;|&nbsp;Size: 501 KB<\/span> <span class=\"float_right\">May 2023<\/span> <span class=\"fileTitle\">Lista de Candidatos Admitidos ao Concurso<\/span> <\/a><a href=\"https:\/\/jf-ameixial.pt\/wp-content\/uploads\/2023\/04\/formulario-candidatura.pdf\" class=\"pdf prettylink corePrettyStyle\"  data-tags=\"concursos-pessoal-2022\" data-date=\"1683547909\"> <span class=\"float_right\" >&nbsp;|&nbsp;Size: 34 KB<\/span> <span class=\"float_right\">May 2023<\/span> <span class=\"fileTitle\">Formul\u00e1rio de candidatura<\/span> <\/a><a href=\"https:\/\/jf-ameixial.pt\/wp-content\/uploads\/2023\/04\/Ata1-Assistente-Operacional.pdf\" class=\"pdf prettylink corePrettyStyle\"  data-tags=\"concursos-pessoal-2022\" data-date=\"1683547916\"> <span class=\"float_right\" >&nbsp;|&nbsp;Size: 4 MB<\/span> <span class=\"float_right\">May 2023<\/span> <span class=\"fileTitle\">Crit\u00e9rios de Avalia\u00e7\u00e3o Assistente Operacional<\/span> <\/a><a href=\"https:\/\/jf-ameixial.pt\/wp-content\/uploads\/2023\/04\/Ata1-Assistente-Tecnico.pdf\" class=\"pdf prettylink corePrettyStyle\"  data-tags=\"concursos-pessoal-2022\" data-date=\"1683547921\"> <span class=\"float_right\" >&nbsp;|&nbsp;Size: 4 MB<\/span> <span class=\"float_right\">May 2023<\/span> <span class=\"fileTitle\">Crit\u00e9rios de Avalia\u00e7\u00e3o Assistente Tecnico<\/span> <\/a><a href=\"https:\/\/jf-ameixial.pt\/wp-content\/uploads\/2023\/04\/BEP-AssOperacional.pdf\" class=\"pdf prettylink corePrettyStyle\"  data-tags=\"concursos-pessoal-2022\" data-date=\"1683547954\"> <span class=\"float_right\" >&nbsp;|&nbsp;Size: 973 KB<\/span> <span class=\"float_right\">May 2023<\/span> <span class=\"fileTitle\">Publica\u00e7\u00e3o na BEP - Assistente Operacional<\/span> <\/a><a href=\"https:\/\/jf-ameixial.pt\/wp-content\/uploads\/2023\/04\/BEP-AssTecnico.pdf\" class=\"pdf prettylink corePrettyStyle\"  data-tags=\"concursos-pessoal-2022\" data-date=\"1683547943\"> <span class=\"float_right\" >&nbsp;|&nbsp;Size: 972 KB<\/span> <span class=\"float_right\">May 2023<\/span> <span class=\"fileTitle\">Publica\u00e7\u00e3o na BEP - Assistente T\u00e9cnico<\/span> <\/a><a href=\"https:\/\/jf-ameixial.pt\/wp-content\/uploads\/2023\/04\/publicacao-17178-2022.pdf\" class=\"pdf prettylink corePrettyStyle\"  data-tags=\"concursos-pessoal-2022\" data-date=\"1683547971\"> <span class=\"float_right\" >&nbsp;|&nbsp;Size: 2 MB<\/span> <span class=\"float_right\">May 2023<\/span> <span class=\"fileTitle\">Aviso 17178\/2022 | Procedimento Concursal 2022<\/span> <\/a><\/div><div class=\"prettyPagination\"><a href=\"#\" class=\"pfl_next btn corePrettyStyle\">Next &raquo;<\/a><span class=\"pagingInfo\">Page <span class=\"currentPage\">1<\/span> of <span class=\"totalPages\"><\/span><\/span><a href=\"#\" class=\"pfl_prev btn disabled corePrettyStyle\">&laquo; Prev<\/a><\/div><\/div>\n<\/div><\/div>\n<div class=\"su-spoiler su-spoiler-style-default su-spoiler-icon-plus su-spoiler-closed\" data-scroll-offset=\"0\" data-anchor-in-url=\"no\"><div class=\"su-spoiler-title\" tabindex=\"0\" role=\"button\"><span class=\"su-spoiler-icon\"><\/span>2019<\/div><div class=\"su-spoiler-content su-u-clearfix su-u-trim\">\n<div class=\"prettyFileList\"  data-filesperpage=\"10\"><div class=\"prettyFileBar\"><a href=\"#\" class=\"showSortingBtn float_right corePrettyStyle btn\">Sort<\/a><div class=\"prettyFileFilters\"><ul class=\"unstyled\"><li><a href=\"\" data-filter-type=\"img\" class=\"imgFilter img showing\">Image<\/a><\/li><li><a href=\"\" data-filter-type=\"pdf\" class=\"pdfFilter pdf showing\">PDF<\/a><\/li><li><a href=\"\" data-filter-type=\"xls\" class=\"xlsFilter xls showing\">Excel<\/a><\/li><li><a href=\"\" data-filter-type=\"doc\" class=\"docFilter doc showing\">Word<\/a><\/li><li><a href=\"\" data-filter-type=\"ppt\" class=\"pptFilter ppt showing\">Powerpoint<\/a><\/li><li><a href=\"\" data-filter-type=\"zip\" class=\"zipFilter zip showing\">Zip<\/a><\/li><li><a href=\"\" data-filter-type=\"mp3\" class=\"mp3Filter mp3 showing\">MP3<\/a><\/li><li><a href=\"\" data-filter-type=\"mp4\" class=\"mp4Filter mp4 showing\">MP4<\/a><\/li><\/ul><p class=\"bar\"><a href=\"#\" class=\"cross\">Close<\/a><\/p><\/div><div class=\"prettyFileSorting\" style=\"right:0\"><ul class=\"unstyled\"><li><a href=\"\" data-sort-type=\"bydate\" data-sort-direction=\"asc\" class=\"asc\">By Date<\/a><\/li><li><a href=\"\" data-sort-type=\"bytitle\">By Name<\/a><\/li><li><a href=\"\" data-sort-type=\"bytype\" class=\"\">By Type<\/a><\/li><\/ul><p class=\"bar\"><a href=\"#\" class=\"cross\">Close<\/a><\/p><\/div><div class=\"prettyFileListSearch\"><label style=\"display:none;\">Search<\/label><input type=\"text\" value=\"Search...\" class=\"prettySearchValue\" \/><a class=\"doPrettySearch btn corePrettyStyle\">Go<\/a><a class=\"clearSearch btn corePrettyStyle hidden\">Clear<\/a><\/div><\/div><div class=\"prettyMessage\" style=\"display:none\"><span><\/span><a href=\"#\" class=\"btn\">Show all files<\/a><\/div><div class=\"prettyListItems loading\"><a href=\"https:\/\/jf-ameixial.pt\/wp-content\/uploads\/2020\/12\/prova_conhecimentos_2019-pdf.jpg\" class=\"img prettylink corePrettyStyle\"  data-tags=\"concursos-pessoal-2019\" data-date=\"1682643374\"> <span class=\"float_right\" >&nbsp;|&nbsp;Size: 101 KB<\/span> <span class=\"float_right\">Apr 2023<\/span> <span class=\"fileTitle\">prova_conhecimentos_2019-pdf<\/span> <\/a><a href=\"https:\/\/jf-ameixial.pt\/wp-content\/uploads\/2020\/12\/prova_conhecimentos_2019.pdf\" class=\"pdf prettylink corePrettyStyle\"  data-tags=\"concursos-pessoal-2019\" data-date=\"1682643501\"> <span class=\"float_right\" >&nbsp;|&nbsp;Size: 260 KB<\/span> <span class=\"float_right\">Apr 2023<\/span> <span class=\"fileTitle\">prova_conhecimentos_2019<\/span> <\/a><a href=\"https:\/\/jf-ameixial.pt\/wp-content\/uploads\/2020\/12\/lista_unitaria_2019.pdf\" class=\"pdf prettylink corePrettyStyle\"  data-tags=\"concursos-pessoal-2019\" data-date=\"1682643386\"> <span class=\"float_right\" >&nbsp;|&nbsp;Size: 806 KB<\/span> <span class=\"float_right\">Apr 2023<\/span> <span class=\"fileTitle\">lista_unitaria_2019<\/span> <\/a><a href=\"https:\/\/jf-ameixial.pt\/wp-content\/uploads\/2020\/12\/lista_unitaria_2019-pdf.jpg\" class=\"img prettylink corePrettyStyle\"  data-tags=\"concursos-pessoal-2019\" data-date=\"1682643394\"> <span class=\"float_right\" >&nbsp;|&nbsp;Size: 107 KB<\/span> <span class=\"float_right\">Apr 2023<\/span> <span class=\"fileTitle\">lista_unitaria_2019-pdf<\/span> <\/a><a href=\"https:\/\/jf-ameixial.pt\/wp-content\/uploads\/2020\/12\/formulario-candidatura-pdf.jpg\" class=\"img prettylink corePrettyStyle\"  data-tags=\"concursos-pessoal-2019\" data-date=\"1682643403\"> <span class=\"float_right\" >&nbsp;|&nbsp;Size: 151 KB<\/span> <span class=\"float_right\">Apr 2023<\/span> <span class=\"fileTitle\">formulario-candidatura-pdf<\/span> <\/a><a href=\"https:\/\/jf-ameixial.pt\/wp-content\/uploads\/2020\/12\/formulario-candidatura.pdf\" class=\"pdf prettylink corePrettyStyle\"  data-tags=\"concursos-pessoal-2019\" data-date=\"1682643413\"> <span class=\"float_right\" >&nbsp;|&nbsp;Size: 34 KB<\/span> <span class=\"float_right\">Apr 2023<\/span> <span class=\"fileTitle\">formulario-candidatura<\/span> <\/a><a href=\"https:\/\/jf-ameixial.pt\/wp-content\/uploads\/2020\/12\/candidatos_2019-pdf.jpg\" class=\"img prettylink corePrettyStyle\"  data-tags=\"concursos-pessoal-2019\" data-date=\"1682643459\"> <span class=\"float_right\" >&nbsp;|&nbsp;Size: 135 KB<\/span> <span class=\"float_right\">Apr 2023<\/span> <span class=\"fileTitle\">candidatos_2019-pdf<\/span> <\/a><a href=\"https:\/\/jf-ameixial.pt\/wp-content\/uploads\/2020\/12\/candidatos_2019.pdf\" class=\"pdf prettylink corePrettyStyle\"  data-tags=\"concursos-pessoal-2019\" data-date=\"1682643465\"> <span class=\"float_right\" >&nbsp;|&nbsp;Size: 297 KB<\/span> <span class=\"float_right\">Apr 2023<\/span> <span class=\"fileTitle\">candidatos_2019<\/span> <\/a><a href=\"https:\/\/jf-ameixial.pt\/wp-content\/uploads\/2020\/12\/Aviso-3464-2019-pdf.jpg\" class=\"img prettylink corePrettyStyle\"  data-tags=\"concursos-pessoal-2019\" data-date=\"1682643538\"> <span class=\"float_right\" >&nbsp;|&nbsp;Size: 394 KB<\/span> <span class=\"float_right\">Apr 2023<\/span> <span class=\"fileTitle\">Aviso-3464-2019-pdf<\/span> <\/a><a href=\"https:\/\/jf-ameixial.pt\/wp-content\/uploads\/2020\/12\/Aviso-3464-2019.pdf\" class=\"pdf prettylink corePrettyStyle\"  data-tags=\"concursos-pessoal-2019\" data-date=\"1682643478\"> <span class=\"float_right\" >&nbsp;|&nbsp;Size: 2 MB<\/span> <span class=\"float_right\">Apr 2023<\/span> <span class=\"fileTitle\">Aviso-3464-2019<\/span> <\/a><\/div><div class=\"prettyPagination\"><a href=\"#\" class=\"pfl_next btn corePrettyStyle\">Next &raquo;<\/a><span class=\"pagingInfo\">Page <span class=\"currentPage\">1<\/span> of <span class=\"totalPages\"><\/span><\/span><a href=\"#\" class=\"pfl_prev btn disabled corePrettyStyle\">&laquo; Prev<\/a><\/div><\/div>\n<\/div><\/div>\n","protected":false},"excerpt":{"rendered":"<p>Procedimentos de contrata\u00e7\u00e3o<\/p>\n","protected":false},"author":1,"featured_media":0,"parent":0,"menu_order":0,"comment_status":"closed","ping_status":"closed","template":"","meta":{"ngg_post_thumbnail":0,"footnotes":""},"class_list":["post-542","page","type-page","status-publish"],"_links":{"self":[{"href":"https:\/\/jf-ameixial.pt\/index.php?rest_route=\/wp\/v2\/pages\/542","targetHints":{"allow":["GET"]}}],"collection":[{"href":"https:\/\/jf-ameixial.pt\/index.php?rest_route=\/wp\/v2\/pages"}],"about":[{"href":"https:\/\/jf-ameixial.pt\/index.php?rest_route=\/wp\/v2\/types\/page"}],"author":[{"embeddable":true,"href":"https:\/\/jf-ameixial.pt\/index.php?rest_route=\/wp\/v2\/users\/1"}],"replies":[{"embeddable":true,"href":"https:\/\/jf-ameixial.pt\/index.php?rest_route=%2Fwp%2Fv2%2Fcomments&post=542"}],"version-history":[{"count":3,"href":"https:\/\/jf-ameixial.pt\/index.php?rest_route=\/wp\/v2\/pages\/542\/revisions"}],"predecessor-version":[{"id":1201,"href":"https:\/\/jf-ameixial.pt\/index.php?rest_route=\/wp\/v2\/pages\/542\/revisions\/1201"}],"wp:attachment":[{"href":"https:\/\/jf-ameixial.pt\/index.php?rest_route=%2Fwp%2Fv2%2Fmedia&parent=542"}],"curies":[{"name":"wp","href":"https:\/\/api.w.org\/{rel}","templated":true}]}}